{"id":2184,"date":"2023-10-24T11:21:32","date_gmt":"2023-10-24T11:21:32","guid":{"rendered":"https:\/\/www.samscoffee.co\/?post_type=product&#038;p=2184"},"modified":"2025-11-02T09:17:02","modified_gmt":"2025-11-02T09:17:02","slug":"delonghi-espresso-makinesi-ikinci-el","status":"publish","type":"product","link":"https:\/\/www.samscoffee.co\/en\/product\/delonghi-espresso-makinesi-ikinci-el\/","title":{"rendered":"DeLonghi Espresso Machine Second Hand"},"content":{"rendered":"<p>A\u011f\u0131rl\u0131k (Kg): 4,1<br \/>\nCoffee tamper: Incorporated<br \/>\nVoltaj\/Frekans (V~Hz): 220-240 V \/ 50-60 Hz<br \/>\nGiri\u015f g\u00fcc\u00fc (W): 1100<br \/>\nFavori renginizi se\u00e7in: Ye\u015fil<br \/>\nCup warmer: Passive<br \/>\nAuto shut-off: \u2713<br \/>\nMilk system: Manual<br \/>\nFinishing: Glossy<br \/>\nBas\u0131n\u00e7 g\u00fcc\u00fc (bar): 15<br \/>\nD\u0131\u015f boyutlar (exbxy) (mm): 255x290x315<br \/>\nMax. fincan y\u00fcksekli\u011fi (cm): 7,7<br \/>\nSu tank\u0131 kapasitesi (l): 1,4<br \/>\n1&amp;2 cups filters: \u2713<br \/>\nA\u00e7ma\/kapama d\u00fc\u011fmesi: \u2713<br \/>\n\u00c7\u0131kar\u0131labilir damlama tepsisi: \u2713<br \/>\n\u00c7\u0131kart\u0131labilir su tank\u0131: \u2713<br \/>\nBody material: Metal<br \/>\nESE pods: \u2713<br \/>\nFiltre say\u0131s\u0131: 3<\/p>\n<div id=\"gtx-trans\" style=\"position: absolute; left: 76px; top: 421px;\">\n<div class=\"gtx-trans-icon\"><\/div>\n<\/div>","protected":false},"excerpt":{"rendered":"<p>Sams Coffee g\u00fcvencesiyle Delonghi Espresso makinesi ikinci el olarak sat\u0131\u015fta. Espresso makinesinde herhangi bir \u00e7izik ve sorun bulunmamaktad\u0131r. T\u00fcm kontrolleri yap\u0131ld\u0131ktan sonra internet sitemiz \u00fczerinden sat\u0131\u015fa \u00e7\u0131kar\u0131lm\u0131\u015ft\u0131r. DeLonghi Icona Vintage serisi \u0130talyan tarz\u0131 ya\u015fam\u0131, \u015f\u0131kl\u0131\u011f\u0131 ve tasar\u0131m\u0131 simgeleyen ikonlardan ilham ald\u0131.<\/p>\n<p>Ge\u00e7mi\u015ften bug\u00fcne klasikle\u015fmi\u015f, di\u011fer bir deyi\u015fle ikonla\u015fm\u0131\u015f objelerin kalite ve de\u011ferini anlatan Vintage kavram\u0131 De\u2019Longhi\u2019nin tasar\u0131m anlay\u0131\u015f\u0131yla yorumland\u0131r.<\/p>","protected":false},"featured_media":1855,"comment_status":"open","ping_status":"closed","template":"","meta":[],"product_brand":[],"product_cat":[137],"product_tag":[101,102,579,569,565,370,372,371],"class_list":{"0":"post-2184","1":"product","2":"type-product","3":"status-publish","4":"has-post-thumbnail","6":"product_cat-espresso-makineleri","7":"product_tag-delonghi","8":"product_tag-espresso-makinesi","9":"product_tag-ikinci-el","10":"product_tag-ikinci-el-delonghi-kahve-makinesi","11":"product_tag-ikinci-el-kahve-makinesi","12":"product_tag-vintage","13":"product_tag-vintage-espresso-makinesi","14":"product_tag-vintage-kahve-makinesi","16":"first","17":"outofstock","18":"sale","19":"shipping-taxable","20":"purchasable","21":"product-type-simple"},"_links":{"self":[{"href":"https:\/\/www.samscoffee.co\/en\/wp-json\/wp\/v2\/product\/2184","targetHints":{"allow":["GET"]}}],"collection":[{"href":"https:\/\/www.samscoffee.co\/en\/wp-json\/wp\/v2\/product"}],"about":[{"href":"https:\/\/www.samscoffee.co\/en\/wp-json\/wp\/v2\/types\/product"}],"replies":[{"embeddable":true,"href":"https:\/\/www.samscoffee.co\/en\/wp-json\/wp\/v2\/comments?post=2184"}],"wp:featuredmedia":[{"embeddable":true,"href":"https:\/\/www.samscoffee.co\/en\/wp-json\/wp\/v2\/media\/1855"}],"wp:attachment":[{"href":"https:\/\/www.samscoffee.co\/en\/wp-json\/wp\/v2\/media?parent=2184"}],"wp:term":[{"taxonomy":"product_brand","embeddable":true,"href":"https:\/\/www.samscoffee.co\/en\/wp-json\/wp\/v2\/product_brand?post=2184"},{"taxonomy":"product_cat","embeddable":true,"href":"https:\/\/www.samscoffee.co\/en\/wp-json\/wp\/v2\/product_cat?post=2184"},{"taxonomy":"product_tag","embeddable":true,"href":"https:\/\/www.samscoffee.co\/en\/wp-json\/wp\/v2\/product_tag?post=2184"}],"curies":[{"name":"wp","href":"https:\/\/api.w.org\/{rel}","templated":true}]}}