{"id":2216,"date":"2023-10-30T07:42:38","date_gmt":"2023-10-30T07:42:38","guid":{"rendered":"https:\/\/www.samscoffee.co\/?post_type=product&#038;p=2216"},"modified":"2023-10-30T07:43:29","modified_gmt":"2023-10-30T07:43:29","slug":"stanley-ozel-seri-celik-termos-1-lt","status":"publish","type":"product","link":"https:\/\/www.samscoffee.co\/en\/product\/stanley-ozel-seri-celik-termos-1-lt\/","title":{"rendered":"Stanley Special Series Steel Thermos 1 lt"},"content":{"rendered":"<p>1 lt kapasiteye sahip Stanley termos, i\u00e7eceklerinizi 35 saate kadar s\u0131cak tutar.<\/p>\n<p>Termos 18\/8 paslanmaz \u00e7elik malzemeden \u00c7in&#8217;de \u00fcretilmi\u015ftir ve tamamen BPA i\u00e7ermemektedir.<\/p>","protected":false},"excerpt":{"rendered":"<p>Stanley marka 1 lt retro logo siyah termos modelleri Sams Coffee&#8217;de!<\/p>","protected":false},"featured_media":2217,"comment_status":"open","ping_status":"closed","template":"","meta":[],"product_brand":[],"product_cat":[144],"product_tag":[],"class_list":{"0":"post-2216","1":"product","2":"type-product","3":"status-publish","4":"has-post-thumbnail","6":"product_cat-termos","8":"first","9":"outofstock","10":"shipping-taxable","11":"purchasable","12":"product-type-simple"},"_links":{"self":[{"href":"https:\/\/www.samscoffee.co\/en\/wp-json\/wp\/v2\/product\/2216","targetHints":{"allow":["GET"]}}],"collection":[{"href":"https:\/\/www.samscoffee.co\/en\/wp-json\/wp\/v2\/product"}],"about":[{"href":"https:\/\/www.samscoffee.co\/en\/wp-json\/wp\/v2\/types\/product"}],"replies":[{"embeddable":true,"href":"https:\/\/www.samscoffee.co\/en\/wp-json\/wp\/v2\/comments?post=2216"}],"wp:featuredmedia":[{"embeddable":true,"href":"https:\/\/www.samscoffee.co\/en\/wp-json\/wp\/v2\/media\/2217"}],"wp:attachment":[{"href":"https:\/\/www.samscoffee.co\/en\/wp-json\/wp\/v2\/media?parent=2216"}],"wp:term":[{"taxonomy":"product_brand","embeddable":true,"href":"https:\/\/www.samscoffee.co\/en\/wp-json\/wp\/v2\/product_brand?post=2216"},{"taxonomy":"product_cat","embeddable":true,"href":"https:\/\/www.samscoffee.co\/en\/wp-json\/wp\/v2\/product_cat?post=2216"},{"taxonomy":"product_tag","embeddable":true,"href":"https:\/\/www.samscoffee.co\/en\/wp-json\/wp\/v2\/product_tag?post=2216"}],"curies":[{"name":"wp","href":"https:\/\/api.w.org\/{rel}","templated":true}]}}