{"id":2338,"date":"2024-11-17T14:53:48","date_gmt":"2024-11-17T14:53:48","guid":{"rendered":"https:\/\/www.samscoffee.co\/?post_type=product&#038;p=2338"},"modified":"2025-01-11T19:41:47","modified_gmt":"2025-01-11T19:41:47","slug":"2-el-delonghi-ecp31-21-espresso-kahve-makinesi","status":"publish","type":"product","link":"https:\/\/www.samscoffee.co\/en\/product\/2-el-delonghi-ecp31-21-espresso-kahve-makinesi\/","title":{"rendered":"2. El De&#8217;Longhi ECP31.21 Espresso Kahve Makinesi"},"content":{"rendered":"<p>De&#8217;Longhi ECP31.21 Espresso Kahve Makinesi, kahve tutkunlar\u0131 i\u00e7in m\u00fckemmel bir se\u00e7imdir. \u015e\u0131k tasar\u0131m\u0131, dayan\u0131kl\u0131 yap\u0131s\u0131 ve \u00fcst\u00fcn performans\u0131yla espresso, cappuccino ve latte gibi kahveleri zahmetsizce haz\u0131rlaman\u0131za olanak tan\u0131r. \u00c7ift termostat sistemi sayesinde hem kahve hem de s\u00fct k\u00f6p\u00fcrtme s\u0131cakl\u0131\u011f\u0131n\u0131 m\u00fckemmel \u015fekilde ayarlar.<br \/>\nBu ikinci el makine, dikkatlice temizlenmi\u015f ve bak\u0131mlar\u0131 yap\u0131lm\u0131\u015f olarak sat\u0131\u015fa sunulmu\u015ftur. Delonghi kalitesinde bir makineye uygun fiyat avantaj\u0131yla sahip olmak istiyorsan\u0131z, bu f\u0131rsat\u0131 ka\u00e7\u0131rmay\u0131n. De&#8217;Longhi kalitesini evinizde deneyimleyin ve her fincanda e\u015fsiz kahve lezzetini ya\u015fay\u0131n.<\/p>","protected":false},"excerpt":{"rendered":"<p>2. el De&#8217;Longhi ECP31.21 Barista Espresso Kahve Makinesi ile profesyonel kalitede espresso ve cappuccino keyfi evinizde! Sams Coffee g\u00fcvencesiyle temiz, bak\u0131ml\u0131 ve uygun fiyatl\u0131 ikinci el kahve makinesi f\u0131rsat\u0131n\u0131 ka\u00e7\u0131rmay\u0131n.<\/p>","protected":false},"featured_media":2339,"comment_status":"open","ping_status":"closed","template":"","meta":[],"product_brand":[],"product_cat":[47,137],"product_tag":[579,569,566,565,568,567],"class_list":{"0":"post-2338","1":"product","2":"type-product","3":"status-publish","4":"has-post-thumbnail","6":"product_cat-ekipmanlar","7":"product_cat-espresso-makineleri","8":"product_tag-ikinci-el","9":"product_tag-ikinci-el-delonghi-kahve-makinesi","10":"product_tag-ikinci-el-espresso-kahve-makinesi","11":"product_tag-ikinci-el-kahve-makinesi","12":"product_tag-uygun-fiyatli-espresso-kahve-makinesi","13":"product_tag-uygun-fiyatli-kahve-makinesi","15":"first","16":"outofstock","17":"sold-individually","18":"shipping-taxable","19":"purchasable","20":"product-type-simple"},"_links":{"self":[{"href":"https:\/\/www.samscoffee.co\/en\/wp-json\/wp\/v2\/product\/2338","targetHints":{"allow":["GET"]}}],"collection":[{"href":"https:\/\/www.samscoffee.co\/en\/wp-json\/wp\/v2\/product"}],"about":[{"href":"https:\/\/www.samscoffee.co\/en\/wp-json\/wp\/v2\/types\/product"}],"replies":[{"embeddable":true,"href":"https:\/\/www.samscoffee.co\/en\/wp-json\/wp\/v2\/comments?post=2338"}],"wp:featuredmedia":[{"embeddable":true,"href":"https:\/\/www.samscoffee.co\/en\/wp-json\/wp\/v2\/media\/2339"}],"wp:attachment":[{"href":"https:\/\/www.samscoffee.co\/en\/wp-json\/wp\/v2\/media?parent=2338"}],"wp:term":[{"taxonomy":"product_brand","embeddable":true,"href":"https:\/\/www.samscoffee.co\/en\/wp-json\/wp\/v2\/product_brand?post=2338"},{"taxonomy":"product_cat","embeddable":true,"href":"https:\/\/www.samscoffee.co\/en\/wp-json\/wp\/v2\/product_cat?post=2338"},{"taxonomy":"product_tag","embeddable":true,"href":"https:\/\/www.samscoffee.co\/en\/wp-json\/wp\/v2\/product_tag?post=2338"}],"curies":[{"name":"wp","href":"https:\/\/api.w.org\/{rel}","templated":true}]}}