{"id":2343,"date":"2024-11-17T14:17:30","date_gmt":"2024-11-17T14:17:30","guid":{"rendered":"https:\/\/www.samscoffee.co\/?post_type=product&#038;p=2343"},"modified":"2025-09-29T13:28:34","modified_gmt":"2025-09-29T13:28:34","slug":"espresso-cekirdek-kahve-1-kg","status":"publish","type":"product","link":"https:\/\/www.samscoffee.co\/en\/product\/espresso-cekirdek-kahve-1-kg\/","title":{"rendered":"Espresso \u00c7ekirdek Kahve 1 Kg"},"content":{"rendered":"<p>Sams Coffee\u2019nin 1 kg\u2019l\u0131k Espresso \u00c7ekirdek Kahve paketi, yo\u011fun kahve lezzeti arayanlar i\u00e7in m\u00fckemmel bir se\u00e7imdir. \u00d6zenle se\u00e7ilmi\u015f kaliteli \u00e7ekirdeklerden \u00fcretilen bu kahve, espresso bazl\u0131 i\u00e7eceklerinizde e\u015fsiz bir tat sunar. Dengeli asiditesi ve zengin aromas\u0131 sayesinde latte, cappuccino, macchiato gibi t\u00fcm i\u00e7eceklerinize profesyonel bir dokunu\u015f katar.<\/p>\n<p>Kahve tutkunlar\u0131 i\u00e7in ideal olan bu \u00fcr\u00fcn, hem evde hem de profesyonel kahve makinelerinde kullan\u0131m i\u00e7in uygundur. Taze \u00e7ekilmi\u015f espresso keyfiyle g\u00fcne enerji kat\u0131n veya misafirlerinize unutulmaz bir kahve deneyimi ya\u015fat\u0131n. Sams Coffee kalitesiyle her yudumda zengin tatlar\u0131n keyfini \u00e7\u0131kar\u0131n!<\/p>","protected":false},"excerpt":{"rendered":"<p>Latin Amerika ve Asya \/ Pasifik b\u00f6lgelerinden \u00f6zenle se\u00e7ti\u011fimiz kahvelerin harman\u0131 sonucunda dolgun g\u00f6vdeli, karamelimsi ve d\u00fc\u015f\u00fck asiditeli Espresso\u2019yu elde ettik.<\/p>","protected":false},"featured_media":2344,"comment_status":"open","ping_status":"closed","template":"","meta":[],"product_brand":[],"product_cat":[58,135],"product_tag":[573,572,571,93,570],"class_list":{"0":"post-2343","1":"product","2":"type-product","3":"status-publish","4":"has-post-thumbnail","6":"product_cat-kahveler","7":"product_cat-dark-roast","8":"product_tag-1-kg-espresso-cekirdek-kahve","9":"product_tag-1-kg-espresso-kahve","10":"product_tag-1-kg-kahve","11":"product_tag-espresso-cekirdek-kahve","12":"product_tag-taze-kavrulmus-kahve","14":"first","15":"instock","16":"shipping-taxable","17":"purchasable","18":"product-type-simple"},"_links":{"self":[{"href":"https:\/\/www.samscoffee.co\/en\/wp-json\/wp\/v2\/product\/2343","targetHints":{"allow":["GET"]}}],"collection":[{"href":"https:\/\/www.samscoffee.co\/en\/wp-json\/wp\/v2\/product"}],"about":[{"href":"https:\/\/www.samscoffee.co\/en\/wp-json\/wp\/v2\/types\/product"}],"replies":[{"embeddable":true,"href":"https:\/\/www.samscoffee.co\/en\/wp-json\/wp\/v2\/comments?post=2343"}],"wp:featuredmedia":[{"embeddable":true,"href":"https:\/\/www.samscoffee.co\/en\/wp-json\/wp\/v2\/media\/2344"}],"wp:attachment":[{"href":"https:\/\/www.samscoffee.co\/en\/wp-json\/wp\/v2\/media?parent=2343"}],"wp:term":[{"taxonomy":"product_brand","embeddable":true,"href":"https:\/\/www.samscoffee.co\/en\/wp-json\/wp\/v2\/product_brand?post=2343"},{"taxonomy":"product_cat","embeddable":true,"href":"https:\/\/www.samscoffee.co\/en\/wp-json\/wp\/v2\/product_cat?post=2343"},{"taxonomy":"product_tag","embeddable":true,"href":"https:\/\/www.samscoffee.co\/en\/wp-json\/wp\/v2\/product_tag?post=2343"}],"curies":[{"name":"wp","href":"https:\/\/api.w.org\/{rel}","templated":true}]}}