{"id":2345,"date":"2024-11-17T14:19:49","date_gmt":"2024-11-17T14:19:49","guid":{"rendered":"https:\/\/www.samscoffee.co\/?post_type=product&#038;p=2345"},"modified":"2025-09-29T13:28:29","modified_gmt":"2025-09-29T13:28:29","slug":"guatemala-cekirdek-kahve-1-kg","status":"publish","type":"product","link":"https:\/\/www.samscoffee.co\/en\/product\/guatemala-cekirdek-kahve-1-kg\/","title":{"rendered":"Guatemala \u00c7ekirdek Kahve 1 Kg"},"content":{"rendered":"<p>Guatemala\u2019n\u0131n y\u00fcksek rak\u0131ml\u0131 bereketli topraklar\u0131ndan \u00f6zenle toplanan \u00e7ekirdeklerle haz\u0131rlanan Sams Coffee 1 kg Guatemala \u00c7ekirdek Kahve, kahve severler i\u00e7in e\u015fsiz bir deneyim sunuyor. Y\u00fcksek rak\u0131mda yeti\u015fen bu \u00f6zel kahveler, dengeli asiditesi, \u00e7ikolata ve narenciye notalar\u0131yla zengin bir tat profiline sahiptir.<\/p>\n<p>Hem filtre kahve hem de espresso bazl\u0131 i\u00e7eceklerde \u00fcst\u00fcn lezzet sunan Guatemala kahvesi, Sams Coffee&#8217;nin favori se\u00e7imleri aras\u0131nda yer al\u0131yor. Taze \u00e7ekilmi\u015f kahvenin b\u00fcy\u00fcleyici aromas\u0131yla g\u00fcne enerji kat\u0131n ya da sevdiklerinize \u00f6zel bir kahve ikram edin. Kahve tutkunlar\u0131n\u0131n vazge\u00e7ilmezi olan Guatemala kahvesini Sams kalitesiyle ke\u015ffedin!<\/p>","protected":false},"excerpt":{"rendered":"<p>D\u00fcnyadaki en iyi kahvelerin yeti\u015fti\u011fi ve kahve \u00fcreticilerinin en \u00e7ok sevdi\u011fi kahveler aras\u0131nda Guatemala gelir. Y\u00fcksek rak\u0131mda, bereketli topraklardan elde edilen Guatemala kahveleri Sams&#8217;in favorisidir. Zarif, kat kat a\u00e7an limon, \u00e7ikolata ve yumu\u015fak baharat aromal\u0131 %100 Guatemala kahvesi.<\/p>","protected":false},"featured_media":2349,"comment_status":"open","ping_status":"closed","template":"","meta":[],"product_brand":[],"product_cat":[58,134],"product_tag":[86,85,209,88,84,87],"class_list":{"0":"post-2345","1":"product","2":"type-product","3":"status-publish","4":"has-post-thumbnail","6":"product_cat-kahveler","7":"product_cat-medium-roast","8":"product_tag-filtre-kahveler","9":"product_tag-guatemala-antigua","10":"product_tag-guatemala-cekirdek-kahve","11":"product_tag-guatemala-filtre-kahve","12":"product_tag-guetamala","13":"product_tag-medium-roast","15":"first","16":"instock","17":"shipping-taxable","18":"purchasable","19":"product-type-variable","20":"has-default-attributes"},"_links":{"self":[{"href":"https:\/\/www.samscoffee.co\/en\/wp-json\/wp\/v2\/product\/2345","targetHints":{"allow":["GET"]}}],"collection":[{"href":"https:\/\/www.samscoffee.co\/en\/wp-json\/wp\/v2\/product"}],"about":[{"href":"https:\/\/www.samscoffee.co\/en\/wp-json\/wp\/v2\/types\/product"}],"replies":[{"embeddable":true,"href":"https:\/\/www.samscoffee.co\/en\/wp-json\/wp\/v2\/comments?post=2345"}],"wp:featuredmedia":[{"embeddable":true,"href":"https:\/\/www.samscoffee.co\/en\/wp-json\/wp\/v2\/media\/2349"}],"wp:attachment":[{"href":"https:\/\/www.samscoffee.co\/en\/wp-json\/wp\/v2\/media?parent=2345"}],"wp:term":[{"taxonomy":"product_brand","embeddable":true,"href":"https:\/\/www.samscoffee.co\/en\/wp-json\/wp\/v2\/product_brand?post=2345"},{"taxonomy":"product_cat","embeddable":true,"href":"https:\/\/www.samscoffee.co\/en\/wp-json\/wp\/v2\/product_cat?post=2345"},{"taxonomy":"product_tag","embeddable":true,"href":"https:\/\/www.samscoffee.co\/en\/wp-json\/wp\/v2\/product_tag?post=2345"}],"curies":[{"name":"wp","href":"https:\/\/api.w.org\/{rel}","templated":true}]}}