{"id":2425,"date":"2024-11-20T09:27:40","date_gmt":"2024-11-20T09:27:40","guid":{"rendered":"https:\/\/www.samscoffee.co\/?post_type=product&#038;p=2425"},"modified":"2025-08-20T07:40:52","modified_gmt":"2025-08-20T07:40:52","slug":"delonghi-kg79-kahve-ogutucu-ikinci-el","status":"publish","type":"product","link":"https:\/\/www.samscoffee.co\/en\/product\/delonghi-kg79-kahve-ogutucu-ikinci-el\/","title":{"rendered":"Delonghi KG79 Kahve \u00d6\u011f\u00fct\u00fcc\u00fc \u0130kinci El"},"content":{"rendered":"<p>\u0130kinci el Delonghi kahve \u00f6\u011f\u00fct\u00fcc\u00fc, sorunsuz ve kontrol edilmi\u015ftir.<\/p>\n<p>\u00d6zellikler:<br \/>\n&#8211; \u0130nceden iriye istenen ayar\u0131 se\u00e7mek i\u00e7in \u00f6\u011f\u00fctme derecelerine sahip di\u015fli \u00f6\u011f\u00fct\u00fcc\u00fc.<br \/>\n&#8211; \u00c7ekirdek kab\u0131 kapasitesi: 120 g.<br \/>\n&#8211; \u015eeffaf \u00e7ekirdek kab\u0131 ve \u00fcst kapak.<br \/>\n&#8211; \u015eeffaf ve \u00e7\u0131kar\u0131labilir toz kab\u0131.<br \/>\n&#8211; Paslanmaz \u00e7elik \u00f6n ve yan panellere sahip plastik g\u00f6vde.<\/p>","protected":false},"excerpt":{"rendered":"<p>Delonghi KG79 \u00e7ekirdek kahve \u00f6\u011f\u00fct\u00fcc\u00fc makinesi ile \u00e7ekirdek kahvelerinizi istedi\u011finiz ayarda \u00f6\u011f\u00fct\u00fcn.<\/p>","protected":false},"featured_media":2424,"comment_status":"open","ping_status":"closed","template":"","meta":[],"product_brand":[],"product_cat":[141],"product_tag":[579],"class_list":{"0":"post-2425","1":"product","2":"type-product","3":"status-publish","4":"has-post-thumbnail","6":"product_cat-kahve-degirmenleri","7":"product_tag-ikinci-el","9":"first","10":"outofstock","11":"shipping-taxable","12":"purchasable","13":"product-type-simple"},"_links":{"self":[{"href":"https:\/\/www.samscoffee.co\/en\/wp-json\/wp\/v2\/product\/2425","targetHints":{"allow":["GET"]}}],"collection":[{"href":"https:\/\/www.samscoffee.co\/en\/wp-json\/wp\/v2\/product"}],"about":[{"href":"https:\/\/www.samscoffee.co\/en\/wp-json\/wp\/v2\/types\/product"}],"replies":[{"embeddable":true,"href":"https:\/\/www.samscoffee.co\/en\/wp-json\/wp\/v2\/comments?post=2425"}],"wp:featuredmedia":[{"embeddable":true,"href":"https:\/\/www.samscoffee.co\/en\/wp-json\/wp\/v2\/media\/2424"}],"wp:attachment":[{"href":"https:\/\/www.samscoffee.co\/en\/wp-json\/wp\/v2\/media?parent=2425"}],"wp:term":[{"taxonomy":"product_brand","embeddable":true,"href":"https:\/\/www.samscoffee.co\/en\/wp-json\/wp\/v2\/product_brand?post=2425"},{"taxonomy":"product_cat","embeddable":true,"href":"https:\/\/www.samscoffee.co\/en\/wp-json\/wp\/v2\/product_cat?post=2425"},{"taxonomy":"product_tag","embeddable":true,"href":"https:\/\/www.samscoffee.co\/en\/wp-json\/wp\/v2\/product_tag?post=2425"}],"curies":[{"name":"wp","href":"https:\/\/api.w.org\/{rel}","templated":true}]}}