{"id":568,"date":"2020-01-09T21:12:53","date_gmt":"2020-01-09T21:12:53","guid":{"rendered":"http:\/\/www.baranli.net\/sams\/?post_type=product&#038;p=568"},"modified":"2025-06-03T14:49:32","modified_gmt":"2025-06-03T14:49:32","slug":"bialetti-moka-pot-express-3-cup","status":"publish","type":"product","link":"https:\/\/www.samscoffee.co\/en\/product\/bialetti-moka-pot-express-3-cup\/","title":{"rendered":"Bialetti Moka Pot Express (3 Cup)"},"content":{"rendered":"<p>Espresso keyfini makinelere ihtiya\u00e7 duymadan sadece oca\u011f\u0131n\u0131zla ya\u015fayabilmeniz i\u00e7in Bialetti Moka Pot Express size yeter. Moka cezveleri d\u00fcd\u00fckl\u00fc tencereler gibi kaynayan suyun bas\u0131nc\u0131 ile kahvenizi demler. Bu nedenle kaliteli ve g\u00fcvenli markalar\u0131n \u00fcr\u00fcnlerini tercih etmeniz \u00f6nemlidir. \u0130nce ayarda \u00e7ekilmi\u015f kahve, temiz i\u00e7me suyu ve moka pot evinizde espresso keyfini ya\u015faman\u0131z i\u00e7in size yeter.<\/p>\n<p>Bialetti \u0130talya men\u015feili, ocak \u00fcst\u00fc kahve makinesi ve mutfak gere\u00e7leri \u00fcreticisidir.<\/p>\n<p>1919 y\u0131l\u0131nda kurulan ve 102. ya\u015f\u0131n\u0131 kutlayan Bialetti, klasik dizayn ve yal\u0131n teknolojisiyle tan\u0131nan Moka Pot\u2019lar\u0131n mucidi olarak da bilinir. Bialetti Moka Potlar 50lerin ba\u015f\u0131ndan bu yana 250 milyon adetten fazla \u00fcretilerek \u2018D\u00fcnyan\u0131n en \u00e7ok kullan\u0131lan kahve makinesi\u2019 \u00fcnvan\u0131n\u0131 da elinde tutmaktad\u0131r.<\/p>","protected":false},"excerpt":{"rendered":"<p>Espresso keyfini makinelere ihtiya\u00e7 duymadan sadece oca\u011f\u0131n\u0131zla ya\u015fayabilmeniz i\u00e7in Moka Pot size yeter.<\/p>","protected":false},"featured_media":1448,"comment_status":"open","ping_status":"closed","template":"","meta":[],"product_brand":[],"product_cat":[47,145],"product_tag":[258,257,260,48,259],"class_list":{"0":"post-568","1":"product","2":"type-product","3":"status-publish","4":"has-post-thumbnail","6":"product_cat-ekipmanlar","7":"product_cat-kahve-demleyici","8":"product_tag-bialetti","9":"product_tag-bialetti-moka-pot","10":"product_tag-bialetti-moka-pot-express","11":"product_tag-moka-pot","12":"product_tag-moka-pot-express","14":"first","15":"outofstock","16":"shipping-taxable","17":"purchasable","18":"product-type-simple"},"_links":{"self":[{"href":"https:\/\/www.samscoffee.co\/en\/wp-json\/wp\/v2\/product\/568","targetHints":{"allow":["GET"]}}],"collection":[{"href":"https:\/\/www.samscoffee.co\/en\/wp-json\/wp\/v2\/product"}],"about":[{"href":"https:\/\/www.samscoffee.co\/en\/wp-json\/wp\/v2\/types\/product"}],"replies":[{"embeddable":true,"href":"https:\/\/www.samscoffee.co\/en\/wp-json\/wp\/v2\/comments?post=568"}],"wp:featuredmedia":[{"embeddable":true,"href":"https:\/\/www.samscoffee.co\/en\/wp-json\/wp\/v2\/media\/1448"}],"wp:attachment":[{"href":"https:\/\/www.samscoffee.co\/en\/wp-json\/wp\/v2\/media?parent=568"}],"wp:term":[{"taxonomy":"product_brand","embeddable":true,"href":"https:\/\/www.samscoffee.co\/en\/wp-json\/wp\/v2\/product_brand?post=568"},{"taxonomy":"product_cat","embeddable":true,"href":"https:\/\/www.samscoffee.co\/en\/wp-json\/wp\/v2\/product_cat?post=568"},{"taxonomy":"product_tag","embeddable":true,"href":"https:\/\/www.samscoffee.co\/en\/wp-json\/wp\/v2\/product_tag?post=568"}],"curies":[{"name":"wp","href":"https:\/\/api.w.org\/{rel}","templated":true}]}}