{"id":667,"date":"2020-12-12T11:26:32","date_gmt":"2020-12-12T11:26:32","guid":{"rendered":"http:\/\/www.samscoffee.co\/?post_type=product&#038;p=667"},"modified":"2026-03-29T05:49:38","modified_gmt":"2026-03-29T05:49:38","slug":"arzum-okka-turk-kahve-makinesi","status":"publish","type":"product","link":"https:\/\/www.samscoffee.co\/en\/product\/arzum-okka-turk-kahve-makinesi\/","title":{"rendered":"Arzum Okka T\u00fcrk Kahve Makinesi"},"content":{"rendered":"<p>Renk: Siyah<br \/>\nG\u00fcc\u00fc: 710 W<br \/>\nSu Tank\u0131 Kapasitesi: 800 ml<br \/>\n\u00dcr\u00fcn\u00fcn Net A\u011f\u0131rl\u0131\u011f\u0131: 3.5 kg<br \/>\nStandart Pi\u015firme S\u00fcresi: 1-2 dakika<br \/>\nYava\u015f pi\u015firme \u00f6zelli\u011fi aktif oldu\u011funda kahveniz 3-4 dakika aral\u0131\u011f\u0131nda a\u011f\u0131r a\u011f\u0131r pi\u015firiliyor.<\/p>","protected":false},"excerpt":{"rendered":"<p>[contact-form-7 id=&#8221;676&#8243; title=&#8221;ghv&#8221;]<\/p>","protected":false},"featured_media":668,"comment_status":"open","ping_status":"closed","template":"","meta":[],"product_brand":[],"product_cat":[47,148],"product_tag":[95,94,96,562],"class_list":{"0":"post-667","1":"product","2":"type-product","3":"status-publish","4":"has-post-thumbnail","6":"product_cat-ekipmanlar","7":"product_cat-turk-kahvesi-makineleri","8":"product_tag-arzum","9":"product_tag-arzum-okka","10":"product_tag-kahve-makinesi","11":"product_tag-turk-kahve-makinesi","13":"first","14":"outofstock","15":"shipping-taxable","16":"purchasable","17":"product-type-simple"},"_links":{"self":[{"href":"https:\/\/www.samscoffee.co\/en\/wp-json\/wp\/v2\/product\/667","targetHints":{"allow":["GET"]}}],"collection":[{"href":"https:\/\/www.samscoffee.co\/en\/wp-json\/wp\/v2\/product"}],"about":[{"href":"https:\/\/www.samscoffee.co\/en\/wp-json\/wp\/v2\/types\/product"}],"replies":[{"embeddable":true,"href":"https:\/\/www.samscoffee.co\/en\/wp-json\/wp\/v2\/comments?post=667"}],"wp:featuredmedia":[{"embeddable":true,"href":"https:\/\/www.samscoffee.co\/en\/wp-json\/wp\/v2\/media\/668"}],"wp:attachment":[{"href":"https:\/\/www.samscoffee.co\/en\/wp-json\/wp\/v2\/media?parent=667"}],"wp:term":[{"taxonomy":"product_brand","embeddable":true,"href":"https:\/\/www.samscoffee.co\/en\/wp-json\/wp\/v2\/product_brand?post=667"},{"taxonomy":"product_cat","embeddable":true,"href":"https:\/\/www.samscoffee.co\/en\/wp-json\/wp\/v2\/product_cat?post=667"},{"taxonomy":"product_tag","embeddable":true,"href":"https:\/\/www.samscoffee.co\/en\/wp-json\/wp\/v2\/product_tag?post=667"}],"curies":[{"name":"wp","href":"https:\/\/api.w.org\/{rel}","templated":true}]}}