{"id":669,"date":"2020-12-12T11:36:01","date_gmt":"2020-12-12T11:36:01","guid":{"rendered":"http:\/\/www.samscoffee.co\/?post_type=product&#038;p=669"},"modified":"2020-12-13T21:18:55","modified_gmt":"2020-12-13T21:18:55","slug":"philips-filtre-kahve-makinesi","status":"publish","type":"product","link":"https:\/\/www.samscoffee.co\/en\/product\/philips-filtre-kahve-makinesi\/","title":{"rendered":"Philips Filtre Kahve Makinesi"},"content":{"rendered":"<p>Aroma kar\u0131\u015ft\u0131r\u0131c\u0131, en iyi lezzeti elde etmek i\u00e7in kahveyi kar\u0131\u015ft\u0131r\u0131r<br \/>\nKapasite: 2 &#8211; 15 fincan i\u00e7in 1,2 litrelik kapasite<br \/>\nOtomatik kapanma (30 dak): Enerji tasarrufu ve g\u00fcvenlik i\u00e7in 30 dakikadan sonra otomatik kapanma<br \/>\nDamlama \u00f6nleyici: Diledi\u011finiz zaman bir fincan kahve alman\u0131z i\u00e7in damlama \u00f6nleyici \u00f6zelli\u011fi<br \/>\nMakinede y\u0131kanabilen par\u00e7alar: Kolay temizleme i\u00e7in bula\u015f\u0131k makinesinde y\u0131kanabilir par\u00e7alar<br \/>\nZamanlay\u0131c\u0131: Sizi taze kahve kokusuyla uyand\u0131ran zamanlay\u0131c\u0131<br \/>\nAk\u0131ll\u0131 su seviyesi g\u00f6stergesi: Kolay doldurma i\u00e7in su seviyesi g\u00f6stergesi<br \/>\n\u00dcr\u00fcn Kodu: HD7459\/20 Daily Collection<\/p>","protected":false},"excerpt":{"rendered":"<p>[contact-form-7 id=&#8221;676&#8243; title=&#8221;ghv&#8221;]<\/p>","protected":false},"featured_media":672,"comment_status":"open","ping_status":"closed","template":"","meta":[],"product_brand":[],"product_cat":[47,149],"product_tag":[100,99,97,98],"class_list":{"0":"post-669","1":"product","2":"type-product","3":"status-publish","4":"has-post-thumbnail","6":"product_cat-ekipmanlar","7":"product_cat-filtre-kahve-makineleri","8":"product_tag-filtre-kahve-makineleri","9":"product_tag-filtre-kahve-makinesi","10":"product_tag-kahve-makineleri","11":"product_tag-philips-filtre-kahve-makinesi","13":"first","14":"outofstock","15":"shipping-taxable","16":"purchasable","17":"product-type-simple"},"_links":{"self":[{"href":"https:\/\/www.samscoffee.co\/en\/wp-json\/wp\/v2\/product\/669","targetHints":{"allow":["GET"]}}],"collection":[{"href":"https:\/\/www.samscoffee.co\/en\/wp-json\/wp\/v2\/product"}],"about":[{"href":"https:\/\/www.samscoffee.co\/en\/wp-json\/wp\/v2\/types\/product"}],"replies":[{"embeddable":true,"href":"https:\/\/www.samscoffee.co\/en\/wp-json\/wp\/v2\/comments?post=669"}],"wp:featuredmedia":[{"embeddable":true,"href":"https:\/\/www.samscoffee.co\/en\/wp-json\/wp\/v2\/media\/672"}],"wp:attachment":[{"href":"https:\/\/www.samscoffee.co\/en\/wp-json\/wp\/v2\/media?parent=669"}],"wp:term":[{"taxonomy":"product_brand","embeddable":true,"href":"https:\/\/www.samscoffee.co\/en\/wp-json\/wp\/v2\/product_brand?post=669"},{"taxonomy":"product_cat","embeddable":true,"href":"https:\/\/www.samscoffee.co\/en\/wp-json\/wp\/v2\/product_cat?post=669"},{"taxonomy":"product_tag","embeddable":true,"href":"https:\/\/www.samscoffee.co\/en\/wp-json\/wp\/v2\/product_tag?post=669"}],"curies":[{"name":"wp","href":"https:\/\/api.w.org\/{rel}","templated":true}]}}