{"id":673,"date":"2020-12-12T11:44:40","date_gmt":"2020-12-12T11:44:40","guid":{"rendered":"http:\/\/www.samscoffee.co\/?post_type=product&#038;p=673"},"modified":"2025-06-03T00:03:52","modified_gmt":"2025-06-03T00:03:52","slug":"fakir-vienna-filtre-kahve-makinesi","status":"publish","type":"product","link":"https:\/\/www.samscoffee.co\/en\/product\/fakir-vienna-filtre-kahve-makinesi\/","title":{"rendered":"Fakir Vienna Filtre Kahve Makinesi"},"content":{"rendered":"<p>Cihaz Tipi: Filtre Kahve Makinesi<br \/>\nG\u00fc\u00e7: 750 W<br \/>\nKahve Tipi: \u00d6\u011f\u00fct\u00fclm\u00fc\u015f Kahve<br \/>\nSu Kapasitesi: 350 ml<br \/>\n\u0130\u00e7ecek T\u00fcrleri: Filtre Kahve<br \/>\nOtomatik Kapanma: Var<br \/>\nRenk: Siyah<br \/>\nY\u0131kanabilir Filtre<\/p>","protected":false},"excerpt":{"rendered":"<p>[contact-form-7 id=&#8221;676&#8243; title=&#8221;ghv&#8221;]<\/p>","protected":false},"featured_media":674,"comment_status":"open","ping_status":"closed","template":"","meta":[],"product_brand":[],"product_cat":[47,149],"product_tag":[99,97,96],"class_list":{"0":"post-673","1":"product","2":"type-product","3":"status-publish","4":"has-post-thumbnail","6":"product_cat-ekipmanlar","7":"product_cat-filtre-kahve-makineleri","8":"product_tag-filtre-kahve-makinesi","9":"product_tag-kahve-makineleri","10":"product_tag-kahve-makinesi","12":"first","13":"outofstock","14":"shipping-taxable","15":"purchasable","16":"product-type-simple"},"_links":{"self":[{"href":"https:\/\/www.samscoffee.co\/en\/wp-json\/wp\/v2\/product\/673","targetHints":{"allow":["GET"]}}],"collection":[{"href":"https:\/\/www.samscoffee.co\/en\/wp-json\/wp\/v2\/product"}],"about":[{"href":"https:\/\/www.samscoffee.co\/en\/wp-json\/wp\/v2\/types\/product"}],"replies":[{"embeddable":true,"href":"https:\/\/www.samscoffee.co\/en\/wp-json\/wp\/v2\/comments?post=673"}],"wp:featuredmedia":[{"embeddable":true,"href":"https:\/\/www.samscoffee.co\/en\/wp-json\/wp\/v2\/media\/674"}],"wp:attachment":[{"href":"https:\/\/www.samscoffee.co\/en\/wp-json\/wp\/v2\/media?parent=673"}],"wp:term":[{"taxonomy":"product_brand","embeddable":true,"href":"https:\/\/www.samscoffee.co\/en\/wp-json\/wp\/v2\/product_brand?post=673"},{"taxonomy":"product_cat","embeddable":true,"href":"https:\/\/www.samscoffee.co\/en\/wp-json\/wp\/v2\/product_cat?post=673"},{"taxonomy":"product_tag","embeddable":true,"href":"https:\/\/www.samscoffee.co\/en\/wp-json\/wp\/v2\/product_tag?post=673"}],"curies":[{"name":"wp","href":"https:\/\/api.w.org\/{rel}","templated":true}]}}