{"id":680,"date":"2020-12-12T13:19:32","date_gmt":"2020-12-12T13:19:32","guid":{"rendered":"http:\/\/www.samscoffee.co\/?post_type=product&#038;p=680"},"modified":"2024-11-19T13:54:36","modified_gmt":"2024-11-19T13:54:36","slug":"delonghi-espresso-cappucino-makinesi","status":"publish","type":"product","link":"https:\/\/www.samscoffee.co\/en\/product\/delonghi-espresso-cappucino-makinesi\/","title":{"rendered":"Delonghi Espresso ve Cappucino Makinesi"},"content":{"rendered":"<p>G\u00fc\u00e7: 1100W<br \/>\nBas\u0131n\u00e7 G\u00fcc\u00fc: 15 Bar<br \/>\nOtomatik Kapanma: Var<br \/>\nProfesyonel Filtre Kab\u0131<br \/>\nCappuccino haz\u0131rlama \u00f6zelli\u011fi<br \/>\nAksesuar saklama \u00fcnitesi ve fincan \u0131s\u0131tma tepsisi<br \/>\nDamlama Emniyeti: Var<br \/>\nHaz\u0131rlanan Kahveler: Cappuccino, Espresso<br \/>\nKahve Tipi: \u00d6\u011f\u00fct\u00fclm\u00fc\u015f Kahve<br \/>\nSu Kapasitesi (ml): 1100<br \/>\nSu Seviyesi G\u00f6stergesi: Var<br \/>\nS\u00fct K\u00f6p\u00fcrt\u00fcc\u00fc: Var<br \/>\nBoyutlar: 185 x 240 x 305 mm<\/p>","protected":false},"excerpt":{"rendered":"<p>G\u00fc\u00e7: 1100W Bas\u0131n\u00e7 G\u00fcc\u00fc: 15 Bar Otomatik Kapanma: Var Profesyonel Filtre Kab\u0131 Cappuccino haz\u0131rlama \u00f6zelli\u011fi Aksesuar saklama \u00fcnitesi ve fincan \u0131s\u0131tma tepsisi Damlama Emniyeti: Var Haz\u0131rlanan Kahveler: Cappuccino, Espresso Kahve Tipi: \u00d6\u011f\u00fct\u00fclm\u00fc\u015f Kahve Su Kapasitesi (ml): 1100 Su Seviyesi G\u00f6stergesi: Var S\u00fct K\u00f6p\u00fcrt\u00fcc\u00fc: Var Boyutlar: 185 x 240 x 305 mm<\/p>","protected":false},"featured_media":683,"comment_status":"open","ping_status":"closed","template":"","meta":[],"product_brand":[],"product_cat":[47,137],"product_tag":[103,101,102,97,96],"class_list":{"0":"post-680","1":"product","2":"type-product","3":"status-publish","4":"has-post-thumbnail","6":"product_cat-ekipmanlar","7":"product_cat-espresso-makineleri","8":"product_tag-cappucino-makinesi","9":"product_tag-delonghi","10":"product_tag-espresso-makinesi","11":"product_tag-kahve-makineleri","12":"product_tag-kahve-makinesi","14":"first","15":"outofstock","16":"shipping-taxable","17":"purchasable","18":"product-type-simple"},"_links":{"self":[{"href":"https:\/\/www.samscoffee.co\/en\/wp-json\/wp\/v2\/product\/680","targetHints":{"allow":["GET"]}}],"collection":[{"href":"https:\/\/www.samscoffee.co\/en\/wp-json\/wp\/v2\/product"}],"about":[{"href":"https:\/\/www.samscoffee.co\/en\/wp-json\/wp\/v2\/types\/product"}],"replies":[{"embeddable":true,"href":"https:\/\/www.samscoffee.co\/en\/wp-json\/wp\/v2\/comments?post=680"}],"wp:featuredmedia":[{"embeddable":true,"href":"https:\/\/www.samscoffee.co\/en\/wp-json\/wp\/v2\/media\/683"}],"wp:attachment":[{"href":"https:\/\/www.samscoffee.co\/en\/wp-json\/wp\/v2\/media?parent=680"}],"wp:term":[{"taxonomy":"product_brand","embeddable":true,"href":"https:\/\/www.samscoffee.co\/en\/wp-json\/wp\/v2\/product_brand?post=680"},{"taxonomy":"product_cat","embeddable":true,"href":"https:\/\/www.samscoffee.co\/en\/wp-json\/wp\/v2\/product_cat?post=680"},{"taxonomy":"product_tag","embeddable":true,"href":"https:\/\/www.samscoffee.co\/en\/wp-json\/wp\/v2\/product_tag?post=680"}],"curies":[{"name":"wp","href":"https:\/\/api.w.org\/{rel}","templated":true}]}}