{"id":684,"date":"2020-12-12T13:41:46","date_gmt":"2020-12-12T13:41:46","guid":{"rendered":"http:\/\/www.samscoffee.co\/?post_type=product&#038;p=684"},"modified":"2025-09-29T13:35:44","modified_gmt":"2025-09-29T13:35:44","slug":"sams-blend-200g-cekirdek-kahve","status":"publish","type":"product","link":"https:\/\/www.samscoffee.co\/en\/product\/sams-blend-200g-cekirdek-kahve\/","title":{"rendered":"Sam's Blend 200g Whole Bean Coffee"},"content":{"rendered":"","protected":false},"excerpt":{"rendered":"<p>Latin ve G\u00fcney Amerika\u2019dan elde edilen Sams\u2019in favori \u00e7ekirdeklerinin sonucu ortaya \u00e7\u0131kan \u00f6zel harman Sams Blend. Orta derecede kavrulmu\u015f, zarif, \u00e7ikolata, bitkisel ve yumu\u015fak baharat lezzetleriyle e\u015fsiz bir kahve deneyimi katacak. Kahve keyfinizi ta\u00e7land\u0131racak yeni lezzet.<\/p>","protected":false},"featured_media":967,"comment_status":"open","ping_status":"closed","template":"","meta":[],"product_brand":[],"product_cat":[58,134],"product_tag":[108,60,107,106,74,88,165,166,104,105],"class_list":{"0":"post-684","1":"product","2":"type-product","3":"status-publish","4":"has-post-thumbnail","6":"product_cat-kahveler","7":"product_cat-medium-roast","8":"product_tag-250g-cekirdek-kahveler","9":"product_tag-cekirdek-kahve","10":"product_tag-colombia-filtre-kahve","11":"product_tag-ethiopia-filtre-kahve","12":"product_tag-filtre-kahve","13":"product_tag-guatemala-filtre-kahve","14":"product_tag-sams-blend","15":"product_tag-sams-coffee","16":"product_tag-superb","17":"product_tag-superb-blend","19":"first","20":"instock","21":"shipping-taxable","22":"purchasable","23":"product-type-variable","24":"has-default-attributes"},"_links":{"self":[{"href":"https:\/\/www.samscoffee.co\/en\/wp-json\/wp\/v2\/product\/684","targetHints":{"allow":["GET"]}}],"collection":[{"href":"https:\/\/www.samscoffee.co\/en\/wp-json\/wp\/v2\/product"}],"about":[{"href":"https:\/\/www.samscoffee.co\/en\/wp-json\/wp\/v2\/types\/product"}],"replies":[{"embeddable":true,"href":"https:\/\/www.samscoffee.co\/en\/wp-json\/wp\/v2\/comments?post=684"}],"wp:featuredmedia":[{"embeddable":true,"href":"https:\/\/www.samscoffee.co\/en\/wp-json\/wp\/v2\/media\/967"}],"wp:attachment":[{"href":"https:\/\/www.samscoffee.co\/en\/wp-json\/wp\/v2\/media?parent=684"}],"wp:term":[{"taxonomy":"product_brand","embeddable":true,"href":"https:\/\/www.samscoffee.co\/en\/wp-json\/wp\/v2\/product_brand?post=684"},{"taxonomy":"product_cat","embeddable":true,"href":"https:\/\/www.samscoffee.co\/en\/wp-json\/wp\/v2\/product_cat?post=684"},{"taxonomy":"product_tag","embeddable":true,"href":"https:\/\/www.samscoffee.co\/en\/wp-json\/wp\/v2\/product_tag?post=684"}],"curies":[{"name":"wp","href":"https:\/\/api.w.org\/{rel}","templated":true}]}}