{"id":696,"date":"2020-12-12T18:15:59","date_gmt":"2020-12-12T18:15:59","guid":{"rendered":"http:\/\/www.samscoffee.co\/?post_type=product&#038;p=696"},"modified":"2025-09-29T13:35:28","modified_gmt":"2025-09-29T13:35:28","slug":"etiyopya-cekirdek-filtre-kahve","status":"publish","type":"product","link":"https:\/\/www.samscoffee.co\/en\/product\/etiyopya-cekirdek-filtre-kahve\/","title":{"rendered":"Ethiopian Bean &amp; Filter Coffee"},"content":{"rendered":"","protected":false},"excerpt":{"rendered":"<p>Lezzeti ve kendine has bitter \u00e7ikolata, baharat ve tatl\u0131 turun\u00e7gilleri hissedebilece\u011finiz aromalar\u0131yla Etiyopya kahveleri Sams&#8217;in \u00f6zenle se\u00e7tikleri aras\u0131nda.<\/p>","protected":false},"featured_media":974,"comment_status":"open","ping_status":"closed","template":"","meta":[],"product_brand":[],"product_cat":[58,134],"product_tag":[60,113,112],"class_list":{"0":"post-696","1":"product","2":"type-product","3":"status-publish","4":"has-post-thumbnail","6":"product_cat-kahveler","7":"product_cat-medium-roast","8":"product_tag-cekirdek-kahve","9":"product_tag-ethiopia-cekirdek-kahve","10":"product_tag-etiyopya-cekirdek-kahve","12":"first","13":"instock","14":"shipping-taxable","15":"purchasable","16":"product-type-variable","17":"has-default-attributes"},"_links":{"self":[{"href":"https:\/\/www.samscoffee.co\/en\/wp-json\/wp\/v2\/product\/696","targetHints":{"allow":["GET"]}}],"collection":[{"href":"https:\/\/www.samscoffee.co\/en\/wp-json\/wp\/v2\/product"}],"about":[{"href":"https:\/\/www.samscoffee.co\/en\/wp-json\/wp\/v2\/types\/product"}],"replies":[{"embeddable":true,"href":"https:\/\/www.samscoffee.co\/en\/wp-json\/wp\/v2\/comments?post=696"}],"wp:featuredmedia":[{"embeddable":true,"href":"https:\/\/www.samscoffee.co\/en\/wp-json\/wp\/v2\/media\/974"}],"wp:attachment":[{"href":"https:\/\/www.samscoffee.co\/en\/wp-json\/wp\/v2\/media?parent=696"}],"wp:term":[{"taxonomy":"product_brand","embeddable":true,"href":"https:\/\/www.samscoffee.co\/en\/wp-json\/wp\/v2\/product_brand?post=696"},{"taxonomy":"product_cat","embeddable":true,"href":"https:\/\/www.samscoffee.co\/en\/wp-json\/wp\/v2\/product_cat?post=696"},{"taxonomy":"product_tag","embeddable":true,"href":"https:\/\/www.samscoffee.co\/en\/wp-json\/wp\/v2\/product_tag?post=696"}],"curies":[{"name":"wp","href":"https:\/\/api.w.org\/{rel}","templated":true}]}}