{"id":735,"date":"2020-12-12T20:08:32","date_gmt":"2020-12-12T20:08:32","guid":{"rendered":"http:\/\/www.samscoffee.co\/?post_type=product&#038;p=735"},"modified":"2021-01-22T21:09:34","modified_gmt":"2021-01-22T21:09:34","slug":"hario-v60-surahili-dripper","status":"publish","type":"product","link":"https:\/\/www.samscoffee.co\/en\/product\/hario-v60-surahili-dripper\/","title":{"rendered":"Hario V60 Pitcher Dripper"},"content":{"rendered":"<p>1-4 kupa kapasiteli Hario V60 02 S\u00fcrahili Dripper, filtre kahve demlerken servis \u00e7\u00f6z\u00fcm\u00fcn\u00fc de sa\u011flayan bir ekipman. Hario\u2019nun \u0131s\u0131ya dayan\u0131kl\u0131 \u2018borosilicate\u2019 cam\u0131ndan Japonya \u2018da \u00fcretti\u011fi V60 Drip Decanter\u2019in patentli tasar\u0131ma sahip spiralli yap\u0131s\u0131 kusursuz kahve demlemenize olanak sa\u011fl\u0131yor.<\/p>","protected":false},"excerpt":{"rendered":"<p>Barista ve kahve severlerin en \u00e7ok tercih etti\u011fi Hario V60 02 S\u00fcrahili Dripper demleme y\u00f6ntemini pratik ve \u015f\u0131k bir bi\u00e7imde sunuyor. Hario Drip Decanter ile kahvenizin tad\u0131n\u0131 \u00e7\u0131kar\u0131n.<\/p>\n<p>[contact-form-7 id=&#8221;676&#8243; title=&#8221;ghv&#8221;]<\/p>","protected":false},"featured_media":736,"comment_status":"open","ping_status":"closed","template":"","meta":[],"product_brand":[],"product_cat":[145,47,139],"product_tag":[151,152,150],"class_list":{"0":"post-735","1":"product","2":"type-product","3":"status-publish","4":"has-post-thumbnail","6":"product_cat-kahve-demleyici","7":"product_cat-ekipmanlar","8":"product_cat-v60","9":"product_tag-hario-v60","10":"product_tag-kahve-demleme","11":"product_tag-v60","13":"first","14":"outofstock","15":"sale","16":"shipping-taxable","17":"purchasable","18":"product-type-simple"},"_links":{"self":[{"href":"https:\/\/www.samscoffee.co\/en\/wp-json\/wp\/v2\/product\/735","targetHints":{"allow":["GET"]}}],"collection":[{"href":"https:\/\/www.samscoffee.co\/en\/wp-json\/wp\/v2\/product"}],"about":[{"href":"https:\/\/www.samscoffee.co\/en\/wp-json\/wp\/v2\/types\/product"}],"replies":[{"embeddable":true,"href":"https:\/\/www.samscoffee.co\/en\/wp-json\/wp\/v2\/comments?post=735"}],"wp:featuredmedia":[{"embeddable":true,"href":"https:\/\/www.samscoffee.co\/en\/wp-json\/wp\/v2\/media\/736"}],"wp:attachment":[{"href":"https:\/\/www.samscoffee.co\/en\/wp-json\/wp\/v2\/media?parent=735"}],"wp:term":[{"taxonomy":"product_brand","embeddable":true,"href":"https:\/\/www.samscoffee.co\/en\/wp-json\/wp\/v2\/product_brand?post=735"},{"taxonomy":"product_cat","embeddable":true,"href":"https:\/\/www.samscoffee.co\/en\/wp-json\/wp\/v2\/product_cat?post=735"},{"taxonomy":"product_tag","embeddable":true,"href":"https:\/\/www.samscoffee.co\/en\/wp-json\/wp\/v2\/product_tag?post=735"}],"curies":[{"name":"wp","href":"https:\/\/api.w.org\/{rel}","templated":true}]}}