{"id":931,"date":"2020-12-16T20:43:31","date_gmt":"2020-12-16T20:43:31","guid":{"rendered":"http:\/\/www.samscoffee.co\/?post_type=product&#038;p=931"},"modified":"2025-09-29T13:32:58","modified_gmt":"2025-09-29T13:32:58","slug":"kolombiya-kahve-200g","status":"publish","type":"product","link":"https:\/\/www.samscoffee.co\/en\/product\/kolombiya-kahve-200g\/","title":{"rendered":"Colombian Coffee 200g"},"content":{"rendered":"<p>Kolombiya\u2019da kahve genellikle k\u00fc\u00e7\u00fck \u00e7iftliklerde \u00fcretilir ve %100\u2019\u00fc Arabica\u2019d\u0131r. Kolombiya, \u00fcretim standartlar\u0131na verdi\u011fi yo\u011fun eme\u011fin kar\u015f\u0131l\u0131\u011f\u0131n\u0131 d\u00fcnyan\u0131n en b\u00fcy\u00fck kahve ihra\u00e7 eden \u00fclkeleri aras\u0131nda yer al\u0131yor.<\/p>\n<p>Kolombiya kahvesi genellikle d\u00fcnyadaki en kaliteli kahvelerden birisi olarak kabul edilmektedir. Kolombiya&#8217;da geleneksel olarak arabica \u00e7ekirdekleri yeti\u015ftirilmektedir ve e\u015fsiz co\u011frafyas\u0131, kahveyi lezzetli ve y\u00fcksek kaliteli olmas\u0131 bi\u00e7ilmez bir kaftand\u0131r.<\/p>\n<p>Kolombiya&#8217;daki kahve yeti\u015ftiricilerinin bir araya gelmesiyle 1927 y\u0131l\u0131nda Kolombiya Ulusal Kahve Yeti\u015ftiricileri Federasyonu (Federaci\u00f3n Nacional de Cafeteros de Colombia) kurulmu\u015ftur. \u015eu anda \u00e7o\u011fu k\u00fc\u00e7\u00fck \u00e7iftlikler olmak \u00fczere 540 binden fazla \u00e7ift\u00e7i bu kuruma \u00fcyedir. Federasyon, kahve ihracat kalite standartlar\u0131n\u0131n kar\u015f\u0131lanmas\u0131n\u0131 sa\u011flamak i\u00e7in \u00fcretimi takip etmektedir.<\/p>","protected":false},"excerpt":{"rendered":"<p>Kolombiya&#8217;n\u0131n kendine \u00f6zel bitkisel ve ceviz tad\u0131n\u0131 and\u0131ran aromas\u0131yla 100, 200 ve 500g&#8217;l\u0131k paketlerle kahve severlerle bulu\u015fuyor&#8230;<\/p>","protected":false},"featured_media":971,"comment_status":"open","ping_status":"closed","template":"","meta":[],"product_brand":[],"product_cat":[58,134],"product_tag":[60,61,59,163,162,164],"class_list":{"0":"post-931","1":"product","2":"type-product","3":"status-publish","4":"has-post-thumbnail","6":"product_cat-kahveler","7":"product_cat-medium-roast","8":"product_tag-cekirdek-kahve","9":"product_tag-cekirdek-kahveler","10":"product_tag-colombia-narino","11":"product_tag-kolombiya-cekirdek-kahve","12":"product_tag-kolombiya-filtre-kahve","13":"product_tag-kolombiya-kahve","15":"first","16":"instock","17":"shipping-taxable","18":"purchasable","19":"product-type-variable","20":"has-default-attributes"},"_links":{"self":[{"href":"https:\/\/www.samscoffee.co\/en\/wp-json\/wp\/v2\/product\/931","targetHints":{"allow":["GET"]}}],"collection":[{"href":"https:\/\/www.samscoffee.co\/en\/wp-json\/wp\/v2\/product"}],"about":[{"href":"https:\/\/www.samscoffee.co\/en\/wp-json\/wp\/v2\/types\/product"}],"replies":[{"embeddable":true,"href":"https:\/\/www.samscoffee.co\/en\/wp-json\/wp\/v2\/comments?post=931"}],"wp:featuredmedia":[{"embeddable":true,"href":"https:\/\/www.samscoffee.co\/en\/wp-json\/wp\/v2\/media\/971"}],"wp:attachment":[{"href":"https:\/\/www.samscoffee.co\/en\/wp-json\/wp\/v2\/media?parent=931"}],"wp:term":[{"taxonomy":"product_brand","embeddable":true,"href":"https:\/\/www.samscoffee.co\/en\/wp-json\/wp\/v2\/product_brand?post=931"},{"taxonomy":"product_cat","embeddable":true,"href":"https:\/\/www.samscoffee.co\/en\/wp-json\/wp\/v2\/product_cat?post=931"},{"taxonomy":"product_tag","embeddable":true,"href":"https:\/\/www.samscoffee.co\/en\/wp-json\/wp\/v2\/product_tag?post=931"}],"curies":[{"name":"wp","href":"https:\/\/api.w.org\/{rel}","templated":true}]}}