{"id":977,"date":"2020-12-20T18:04:08","date_gmt":"2020-12-20T18:04:08","guid":{"rendered":"https:\/\/www.samscoffee.co\/?post_type=product&#038;p=977"},"modified":"2025-11-02T09:17:18","modified_gmt":"2025-11-02T09:17:18","slug":"espresso-cekirdek-kahve-500g","status":"publish","type":"product","link":"https:\/\/www.samscoffee.co\/en\/product\/espresso-cekirdek-kahve-500g\/","title":{"rendered":"Espresso \u00c7ekirdek Kahve 500g"},"content":{"rendered":"<p>Yo\u011fun kahveseverler i\u00e7in m\u00fckemmel lezzet Espresso \u00e7ekirdek kahve yar\u0131m kiloluk paketiyle Sams&#8217;de! Espresso bazl\u0131 t\u00fcm i\u00e7eceklerin haz\u0131rlayabilmeniz i\u00e7in en ideal kahvedir.<\/p>","protected":false},"excerpt":{"rendered":"<p>Latin Amerika ve Asya \/ Pasifik b\u00f6lgelerinden \u00f6zenle se\u00e7ti\u011fimiz kahvelerin harman\u0131 sonucunda dolgun g\u00f6vdeli, karamelimsi ve d\u00fc\u015f\u00fck asiditeli Espresso\u2019yu elde ettik.<\/p>","protected":false},"featured_media":976,"comment_status":"open","ping_status":"closed","template":"","meta":[],"product_brand":[],"product_cat":[58,135],"product_tag":[60,93,160,92],"class_list":{"0":"post-977","1":"product","2":"type-product","3":"status-publish","4":"has-post-thumbnail","6":"product_cat-kahveler","7":"product_cat-dark-roast","8":"product_tag-cekirdek-kahve","9":"product_tag-espresso-cekirdek-kahve","10":"product_tag-espresso-kahve","11":"product_tag-espresso-roast","13":"first","14":"instock","15":"shipping-taxable","16":"purchasable","17":"product-type-simple"},"_links":{"self":[{"href":"https:\/\/www.samscoffee.co\/en\/wp-json\/wp\/v2\/product\/977","targetHints":{"allow":["GET"]}}],"collection":[{"href":"https:\/\/www.samscoffee.co\/en\/wp-json\/wp\/v2\/product"}],"about":[{"href":"https:\/\/www.samscoffee.co\/en\/wp-json\/wp\/v2\/types\/product"}],"replies":[{"embeddable":true,"href":"https:\/\/www.samscoffee.co\/en\/wp-json\/wp\/v2\/comments?post=977"}],"wp:featuredmedia":[{"embeddable":true,"href":"https:\/\/www.samscoffee.co\/en\/wp-json\/wp\/v2\/media\/976"}],"wp:attachment":[{"href":"https:\/\/www.samscoffee.co\/en\/wp-json\/wp\/v2\/media?parent=977"}],"wp:term":[{"taxonomy":"product_brand","embeddable":true,"href":"https:\/\/www.samscoffee.co\/en\/wp-json\/wp\/v2\/product_brand?post=977"},{"taxonomy":"product_cat","embeddable":true,"href":"https:\/\/www.samscoffee.co\/en\/wp-json\/wp\/v2\/product_cat?post=977"},{"taxonomy":"product_tag","embeddable":true,"href":"https:\/\/www.samscoffee.co\/en\/wp-json\/wp\/v2\/product_tag?post=977"}],"curies":[{"name":"wp","href":"https:\/\/api.w.org\/{rel}","templated":true}]}}