{"id":978,"date":"2020-12-20T18:12:46","date_gmt":"2020-12-20T18:12:46","guid":{"rendered":"https:\/\/www.samscoffee.co\/?post_type=product&#038;p=978"},"modified":"2025-09-29T13:31:18","modified_gmt":"2025-09-29T13:31:18","slug":"kenya-cekirdek-kahve","status":"publish","type":"product","link":"https:\/\/www.samscoffee.co\/en\/product\/kenya-cekirdek-kahve\/","title":{"rendered":"Kenya Bean &amp; Filter Coffee 200g"},"content":{"rendered":"<p>Sams\u2019in vazge\u00e7ilmezi Kenya, y\u00fcksek asidite ve karma\u015f\u0131k lezzete sahiptir. Su kaynaklar\u0131n\u0131n az olmas\u0131ndan dolay\u0131 i\u015fleme y\u00f6nteminde \u00e7ok nadir su kullan\u0131l\u0131r. Belirgin turun\u00e7gil lezzetleri kahveye renk katar.<\/p>","protected":false},"excerpt":{"rendered":"<p>Y\u00fcksek asiditeye sahip, belirgin turun\u00e7gil aromas\u0131na sahip Kenya AA \u00e7ekirdek kahve.<br \/>\nAA en yayg\u0131n Kenya kahvesi t\u00fcr\u00fcd\u00fcr. Kenya AA kahvesi d\u00fcnyada genellikle en parlak kahve \u00e7ekirdeklerinden biri olarak de\u011ferlendirilir.<\/p>","protected":false},"featured_media":968,"comment_status":"open","ping_status":"closed","template":"","meta":[],"product_brand":[],"product_cat":[58,134],"product_tag":[74,90,89,71,111,109,110,161],"class_list":{"0":"post-978","1":"product","2":"type-product","3":"status-publish","4":"has-post-thumbnail","6":"product_cat-kahveler","7":"product_cat-medium-roast","8":"product_tag-filtre-kahve","9":"product_tag-filtre-kahve-cesitleri","10":"product_tag-filtre-kahve-fiyatlari","11":"product_tag-kenya","12":"product_tag-kenya-250g-cekirdek-kahve","13":"product_tag-kenya-aa","14":"product_tag-kenya-cekirdek-kahve","15":"product_tag-kenya-filtre-kahve","17":"first","18":"instock","19":"shipping-taxable","20":"purchasable","21":"product-type-variable","22":"has-default-attributes"},"_links":{"self":[{"href":"https:\/\/www.samscoffee.co\/en\/wp-json\/wp\/v2\/product\/978","targetHints":{"allow":["GET"]}}],"collection":[{"href":"https:\/\/www.samscoffee.co\/en\/wp-json\/wp\/v2\/product"}],"about":[{"href":"https:\/\/www.samscoffee.co\/en\/wp-json\/wp\/v2\/types\/product"}],"replies":[{"embeddable":true,"href":"https:\/\/www.samscoffee.co\/en\/wp-json\/wp\/v2\/comments?post=978"}],"wp:featuredmedia":[{"embeddable":true,"href":"https:\/\/www.samscoffee.co\/en\/wp-json\/wp\/v2\/media\/968"}],"wp:attachment":[{"href":"https:\/\/www.samscoffee.co\/en\/wp-json\/wp\/v2\/media?parent=978"}],"wp:term":[{"taxonomy":"product_brand","embeddable":true,"href":"https:\/\/www.samscoffee.co\/en\/wp-json\/wp\/v2\/product_brand?post=978"},{"taxonomy":"product_cat","embeddable":true,"href":"https:\/\/www.samscoffee.co\/en\/wp-json\/wp\/v2\/product_cat?post=978"},{"taxonomy":"product_tag","embeddable":true,"href":"https:\/\/www.samscoffee.co\/en\/wp-json\/wp\/v2\/product_tag?post=978"}],"curies":[{"name":"wp","href":"https:\/\/api.w.org\/{rel}","templated":true}]}}